{"id":1882,"date":"2025-09-23T16:21:25","date_gmt":"2025-09-23T16:21:25","guid":{"rendered":"https:\/\/rigenerai.com\/contact\/"},"modified":"2026-01-08T17:06:17","modified_gmt":"2026-01-08T17:06:17","slug":"contact","status":"publish","type":"page","link":"https:\/\/rigenerai.com\/fr\/contact\/","title":{"rendered":"Contact"},"content":{"rendered":"\t\t<div data-elementor-type=\"wp-page\" data-elementor-id=\"1882\" class=\"elementor elementor-1882 elementor-55\" data-elementor-post-type=\"page\">\n\t\t\t\t<div class=\"elementor-element elementor-element-2144802 e-con-full e-flex e-con e-parent\" data-id=\"2144802\" data-element_type=\"container\" data-e-type=\"container\">\n\t\t<div class=\"elementor-element elementor-element-5da1b6 e-con-full e-flex e-con e-child\" data-id=\"5da1b6\" data-element_type=\"container\" data-e-type=\"container\">\n\t\t\t\t<div class=\"elementor-element elementor-element-7c56b86 shiny-text elementor-widget elementor-widget-heading\" data-id=\"7c56b86\" data-element_type=\"widget\" data-e-type=\"widget\" data-widget_type=\"heading.default\">\n\t\t\t\t<div class=\"elementor-widget-container\">\n\t\t\t\t\t<h2 class=\"elementor-heading-title elementor-size-default\">Contactez-nous comme vous le souhaitez<\/h2>\t\t\t\t<\/div>\n\t\t\t\t<\/div>\n\t\t\t\t<div class=\"elementor-element elementor-element-785b1be7 elementor-widget elementor-widget-text-editor\" data-id=\"785b1be7\" data-element_type=\"widget\" data-e-type=\"widget\" data-widget_type=\"text-editor.default\">\n\t\t\t\t<div class=\"elementor-widget-container\">\n\t\t\t\t\t\t\t\t\t<p>Vous avez une id\u00e9e \u00e0 d\u00e9velopper ? Vous cherchez un partenaire ? Avez-vous des doutes ?<\/p>\t\t\t\t\t\t\t\t<\/div>\n\t\t\t\t<\/div>\n\t\t\t\t<div class=\"elementor-element elementor-element-d0933ce elementor-icon-list--layout-traditional elementor-list-item-link-full_width elementor-widget elementor-widget-icon-list\" data-id=\"d0933ce\" data-element_type=\"widget\" data-e-type=\"widget\" data-widget_type=\"icon-list.default\">\n\t\t\t\t<div class=\"elementor-widget-container\">\n\t\t\t\t\t\t\t<ul class=\"elementor-icon-list-items\">\n\t\t\t\t\t\t\t<li class=\"elementor-icon-list-item\">\n\t\t\t\t\t\t\t\t\t\t\t<a href=\"mailto:info@rigenerai.com\" target=\"_blank\">\n\n\t\t\t\t\t\t\t\t\t\t\t\t<span class=\"elementor-icon-list-icon\">\n\t\t\t\t\t\t\t<i aria-hidden=\"true\" class=\"far fa-envelope\"><\/i>\t\t\t\t\t\t<\/span>\n\t\t\t\t\t\t\t\t\t\t<span class=\"elementor-icon-list-text\">info@rigenerai.com<\/span>\n\t\t\t\t\t\t\t\t\t\t\t<\/a>\n\t\t\t\t\t\t\t\t\t<\/li>\n\t\t\t\t\t\t\t\t<li class=\"elementor-icon-list-item\">\n\t\t\t\t\t\t\t\t\t\t\t<a href=\"tel:+390350510161\" target=\"_blank\">\n\n\t\t\t\t\t\t\t\t\t\t\t\t<span class=\"elementor-icon-list-icon\">\n\t\t\t\t\t\t\t<i aria-hidden=\"true\" class=\"fas fa-phone\"><\/i>\t\t\t\t\t\t<\/span>\n\t\t\t\t\t\t\t\t\t\t<span class=\"elementor-icon-list-text\">+39 (035) 0510 161<\/span>\n\t\t\t\t\t\t\t\t\t\t\t<\/a>\n\t\t\t\t\t\t\t\t\t<\/li>\n\t\t\t\t\t\t<\/ul>\n\t\t\t\t\t\t<\/div>\n\t\t\t\t<\/div>\n\t\t\t\t<div class=\"elementor-element elementor-element-2b4c514 elementor-widget elementor-widget-text-editor\" data-id=\"2b4c514\" data-element_type=\"widget\" data-e-type=\"widget\" data-widget_type=\"text-editor.default\">\n\t\t\t\t<div class=\"elementor-widget-container\">\n\t\t\t\t\t\t\t\t\t<p>Nous n&rsquo;utiliserons vos donn\u00e9es que pour r\u00e9pondre \u00e0 votre demande.<\/p>\t\t\t\t\t\t\t\t<\/div>\n\t\t\t\t<\/div>\n\t\t\t\t<\/div>\n\t\t<div class=\"elementor-element elementor-element-1908cf01 e-con-full e-flex e-con e-child\" data-id=\"1908cf01\" data-element_type=\"container\" data-e-type=\"container\" data-settings=\"{&quot;background_background&quot;:&quot;classic&quot;}\">\n\t\t\t\t<div class=\"elementor-element elementor-element-867603e elementor-widget elementor-widget-wpforms\" data-id=\"867603e\" data-element_type=\"widget\" data-e-type=\"widget\" data-widget_type=\"wpforms.default\">\n\t\t\t\t<div class=\"elementor-widget-container\">\n\t\t\t\t\t<style id=\"wpforms-css-vars-elementor-widget-867603e\">\n\t\t\t\t.elementor-widget-wpforms.elementor-element-867603e {\n\t\t\t\t--wpforms-button-border-radius: 100px;\n--wpforms-button-background-color: #E6007E;\n--wpforms-field-text-color: #000000;\n--wpforms-label-color: #FFFFFF;\n--wpforms-label-sublabel-color: #FFFFFF;\n\t\t\t}\n\t\t\t<\/style><div class=\"wpforms-container wpforms-container-full wpforms-render-modern\" id=\"wpforms-522\"><form id=\"wpforms-form-522\" class=\"wpforms-validate wpforms-form wpforms-ajax-form\" data-formid=\"522\" method=\"post\" enctype=\"multipart\/form-data\" action=\"\/fr\/wp-json\/wp\/v2\/pages\/1882\" data-token=\"44c198170f80aa6b4877ea8183a46df1\" data-token-time=\"1776692437\"><noscript class=\"wpforms-error-noscript\">Veuillez activer JavaScript dans votre navigateur pour remplir ce formulaire.<\/noscript><div id=\"wpforms-error-noscript\" style=\"display: none;\">Veuillez activer JavaScript dans votre navigateur pour remplir ce formulaire.<\/div><div class=\"wpforms-field-container\"><div id=\"wpforms-522-field_1-container\" class=\"wpforms-field wpforms-field-name\" data-field-id=\"1\"><label class=\"wpforms-field-label wpforms-label-hide\" for=\"wpforms-522-field_1\" aria-hidden=\"false\">Nom <span class=\"wpforms-required-label\" aria-hidden=\"true\">*<\/span><\/label><input type=\"text\" id=\"wpforms-522-field_1\" class=\"wpforms-field-large wpforms-field-required\" name=\"wpforms[fields][1]\" placeholder=\"Votre nom\" aria-errormessage=\"wpforms-522-field_1-error\" required><\/div>\t\t<div id=\"wpforms-522-field_4-container\"\n\t\t\tclass=\"wpforms-field wpforms-field-text\"\n\t\t\tdata-field-type=\"text\"\n\t\t\tdata-field-id=\"4\"\n\t\t\t>\n\t\t\t<label class=\"wpforms-field-label\" for=\"wpforms-522-field_4\" >Courriel Nom Commentaire<\/label>\n\t\t\t<input type=\"text\" id=\"wpforms-522-field_4\" class=\"wpforms-field-medium\" name=\"wpforms[fields][4]\" >\n\t\t<\/div>\n\t\t<div id=\"wpforms-522-field_2-container\" class=\"wpforms-field wpforms-field-email\" data-field-id=\"2\"><label class=\"wpforms-field-label wpforms-label-hide\" for=\"wpforms-522-field_2\" aria-hidden=\"false\">Courriel <span class=\"wpforms-required-label\" aria-hidden=\"true\">*<\/span><\/label><input type=\"email\" id=\"wpforms-522-field_2\" class=\"wpforms-field-large wpforms-field-required\" name=\"wpforms[fields][2]\" placeholder=\"Votre adresse \u00e9lectronique\" spellcheck=\"false\" aria-errormessage=\"wpforms-522-field_2-error\" required><\/div><div id=\"wpforms-522-field_3-container\" class=\"wpforms-field wpforms-field-textarea\" data-field-id=\"3\"><label class=\"wpforms-field-label wpforms-label-hide\" for=\"wpforms-522-field_3\" aria-hidden=\"false\">Commentaire<\/label><textarea id=\"wpforms-522-field_3\" class=\"wpforms-field-large\" name=\"wpforms[fields][3]\" placeholder=\"Faites-nous part de votre id\u00e9e\" aria-errormessage=\"wpforms-522-field_3-error\" aria-describedby=\"wpforms-522-field_3-description\" ><\/textarea><div id=\"wpforms-522-field_3-description\" class=\"wpforms-field-description\">Si vous souhaitez en savoir plus sur notre politique de confidentialit\u00e9, veuillez <a href=\"https:\/\/rigenerai.com\/fr\/politique-de-confidentialite\/\" target=\"_blank\">lire notre politique de confidentialit\u00e9.<\/a><\/div><\/div><script>\n\t\t\t\t( function() {\n\t\t\t\t\tconst style = document.createElement( 'style' );\n\t\t\t\t\tstyle.appendChild( document.createTextNode( '#wpforms-522-field_4-container { position: absolute !important; overflow: hidden !important; display: inline !important; height: 1px !important; width: 1px !important; z-index: -1000 !important; padding: 0 !important; } #wpforms-522-field_4-container input { visibility: hidden; } #wpforms-conversational-form-page #wpforms-522-field_4-container label { counter-increment: none; }' ) );\n\t\t\t\t\tdocument.head.appendChild( style );\n\t\t\t\t\tdocument.currentScript?.remove();\n\t\t\t\t} )();\n\t\t\t<\/script><\/div><!-- .wpforms-field-container --><div class=\"wpforms-recaptcha-container wpforms-is-turnstile\" ><div class=\"wpforms-turnstile\" data-sitekey=\"0x4AAAAAABk_K1w78Kt18LiM\" data-action=\"FormID-522\"><\/div><input type=\"text\" name=\"g-recaptcha-hidden\" class=\"wpforms-recaptcha-hidden\" style=\"position:absolute!important;clip:rect(0,0,0,0)!important;height:1px!important;width:1px!important;border:0!important;overflow:hidden!important;padding:0!important;margin:0!important;\" data-rule-turnstile=\"1\"><\/div><div class=\"wpforms-submit-container\" ><input type=\"hidden\" name=\"wpforms[id]\" value=\"522\"><input type=\"hidden\" name=\"page_title\" value=\"\"><input type=\"hidden\" name=\"page_url\" value=\"https:\/\/rigenerai.com\/fr\/wp-json\/wp\/v2\/pages\/1882\"><input type=\"hidden\" name=\"url_referer\" value=\"\"><button type=\"submit\" name=\"wpforms[submit]\" id=\"wpforms-submit-522\" class=\"wpforms-submit\" data-alt-text=\"Envoi...\" data-submit-text=\"Envoyer\" aria-live=\"assertive\" value=\"wpforms-submit\">Envoyer<\/button><img decoding=\"async\" src=\"https:\/\/rigenerai.com\/wp-content\/plugins\/wpforms-lite\/assets\/images\/submit-spin.svg\" class=\"wpforms-submit-spinner\" style=\"display: none;\" width=\"26\" height=\"26\" alt=\"Chargement en cours\"><\/div><\/form><\/div>  <!-- .wpforms-container -->\t\t\t\t<\/div>\n\t\t\t\t<\/div>\n\t\t\t\t<\/div>\n\t\t\t\t<\/div>\n\t\t\t\t<\/div>\n\t\t","protected":false},"excerpt":{"rendered":"<p>Contactez-nous comme vous le souhaitez Vous avez une id\u00e9e \u00e0 d\u00e9velopper ? Vous cherchez un partenaire ? Avez-vous des doutes ? info@rigenerai.com +39 (035) 0510 161 Nous n&rsquo;utiliserons vos donn\u00e9es que pour r\u00e9pondre \u00e0 votre demande. Abilita JavaScript nel browser per completare questo modulo.Abilita JavaScript nel browser per completare questo modulo.Nome *Email * Email Commento [&hellip;]<\/p>\n","protected":false},"author":1,"featured_media":0,"parent":0,"menu_order":33,"comment_status":"closed","ping_status":"closed","template":"elementor_header_footer","meta":{"footnotes":""},"class_list":["post-1882","page","type-page","status-publish","hentry"],"yoast_head":"<!-- This site is optimized with the Yoast SEO plugin v27.4 - https:\/\/yoast.com\/product\/yoast-seo-wordpress\/ -->\n<title>Contact - RigenerAI | AI per la sanit\u00e0<\/title>\n<meta name=\"robots\" content=\"index, follow, max-snippet:-1, max-image-preview:large, max-video-preview:-1\" \/>\n<link rel=\"canonical\" href=\"https:\/\/rigenerai.com\/fr\/contact\/\" \/>\n<meta property=\"og:locale\" content=\"fr_FR\" \/>\n<meta property=\"og:type\" content=\"article\" \/>\n<meta property=\"og:title\" content=\"Contact - RigenerAI | AI per la sanit\u00e0\" \/>\n<meta property=\"og:description\" content=\"Contactez-nous comme vous le souhaitez Vous avez une id\u00e9e \u00e0 d\u00e9velopper ? Vous cherchez un partenaire ? Avez-vous des doutes ? info@rigenerai.com +39 (035) 0510 161 Nous n&rsquo;utiliserons vos donn\u00e9es que pour r\u00e9pondre \u00e0 votre demande. Abilita JavaScript nel browser per completare questo modulo.Abilita JavaScript nel browser per completare questo modulo.Nome *Email * Email Commento [&hellip;]\" \/>\n<meta property=\"og:url\" content=\"https:\/\/rigenerai.com\/fr\/contact\/\" \/>\n<meta property=\"og:site_name\" content=\"RigenerAI | AI per la sanit\u00e0\" \/>\n<meta property=\"article:modified_time\" content=\"2026-01-08T17:06:17+00:00\" \/>\n<meta property=\"og:image\" content=\"https:\/\/rigenerai.com\/wp-content\/plugins\/wpforms-lite\/assets\/images\/submit-spin.svg\" \/>\n<meta name=\"twitter:card\" content=\"summary_large_image\" \/>\n<script type=\"application\/ld+json\" class=\"yoast-schema-graph\">{\"@context\":\"https:\\\/\\\/schema.org\",\"@graph\":[{\"@type\":\"WebPage\",\"@id\":\"https:\\\/\\\/rigenerai.com\\\/fr\\\/contact\\\/\",\"url\":\"https:\\\/\\\/rigenerai.com\\\/fr\\\/contact\\\/\",\"name\":\"Contact - RigenerAI | AI per la sanit\u00e0\",\"isPartOf\":{\"@id\":\"https:\\\/\\\/rigenerai.com\\\/fr\\\/#website\"},\"primaryImageOfPage\":{\"@id\":\"https:\\\/\\\/rigenerai.com\\\/fr\\\/contact\\\/#primaryimage\"},\"image\":{\"@id\":\"https:\\\/\\\/rigenerai.com\\\/fr\\\/contact\\\/#primaryimage\"},\"thumbnailUrl\":\"https:\\\/\\\/rigenerai.com\\\/wp-content\\\/plugins\\\/wpforms-lite\\\/assets\\\/images\\\/submit-spin.svg\",\"datePublished\":\"2025-09-23T16:21:25+00:00\",\"dateModified\":\"2026-01-08T17:06:17+00:00\",\"breadcrumb\":{\"@id\":\"https:\\\/\\\/rigenerai.com\\\/fr\\\/contact\\\/#breadcrumb\"},\"inLanguage\":\"fr-FR\",\"potentialAction\":[{\"@type\":\"ReadAction\",\"target\":[\"https:\\\/\\\/rigenerai.com\\\/fr\\\/contact\\\/\"]}]},{\"@type\":\"ImageObject\",\"inLanguage\":\"fr-FR\",\"@id\":\"https:\\\/\\\/rigenerai.com\\\/fr\\\/contact\\\/#primaryimage\",\"url\":\"https:\\\/\\\/rigenerai.com\\\/wp-content\\\/plugins\\\/wpforms-lite\\\/assets\\\/images\\\/submit-spin.svg\",\"contentUrl\":\"https:\\\/\\\/rigenerai.com\\\/wp-content\\\/plugins\\\/wpforms-lite\\\/assets\\\/images\\\/submit-spin.svg\"},{\"@type\":\"BreadcrumbList\",\"@id\":\"https:\\\/\\\/rigenerai.com\\\/fr\\\/contact\\\/#breadcrumb\",\"itemListElement\":[{\"@type\":\"ListItem\",\"position\":1,\"name\":\"Home\",\"item\":\"https:\\\/\\\/rigenerai.com\\\/fr\\\/accueil\\\/\"},{\"@type\":\"ListItem\",\"position\":2,\"name\":\"Contact\"}]},{\"@type\":\"WebSite\",\"@id\":\"https:\\\/\\\/rigenerai.com\\\/fr\\\/#website\",\"url\":\"https:\\\/\\\/rigenerai.com\\\/fr\\\/\",\"name\":\"RigenerAI | AI per la sanit\u00e0\",\"description\":\"\",\"publisher\":{\"@id\":\"https:\\\/\\\/rigenerai.com\\\/fr\\\/#organization\"},\"potentialAction\":[{\"@type\":\"SearchAction\",\"target\":{\"@type\":\"EntryPoint\",\"urlTemplate\":\"https:\\\/\\\/rigenerai.com\\\/fr\\\/?s={search_term_string}\"},\"query-input\":{\"@type\":\"PropertyValueSpecification\",\"valueRequired\":true,\"valueName\":\"search_term_string\"}}],\"inLanguage\":\"fr-FR\"},{\"@type\":\"Organization\",\"@id\":\"https:\\\/\\\/rigenerai.com\\\/fr\\\/#organization\",\"name\":\"RigenerAI | AI per la sanit\u00e0\",\"url\":\"https:\\\/\\\/rigenerai.com\\\/fr\\\/\",\"logo\":{\"@type\":\"ImageObject\",\"inLanguage\":\"fr-FR\",\"@id\":\"https:\\\/\\\/rigenerai.com\\\/fr\\\/#\\\/schema\\\/logo\\\/image\\\/\",\"url\":\"https:\\\/\\\/rigenerai.com\\\/wp-content\\\/uploads\\\/2025\\\/09\\\/Logo-RigenerAI.png\",\"contentUrl\":\"https:\\\/\\\/rigenerai.com\\\/wp-content\\\/uploads\\\/2025\\\/09\\\/Logo-RigenerAI.png\",\"width\":892,\"height\":198,\"caption\":\"RigenerAI | AI per la sanit\u00e0\"},\"image\":{\"@id\":\"https:\\\/\\\/rigenerai.com\\\/fr\\\/#\\\/schema\\\/logo\\\/image\\\/\"}}]}<\/script>\n<!-- \/ Yoast SEO plugin. -->","yoast_head_json":{"title":"Contact - RigenerAI | AI per la sanit\u00e0","robots":{"index":"index","follow":"follow","max-snippet":"max-snippet:-1","max-image-preview":"max-image-preview:large","max-video-preview":"max-video-preview:-1"},"canonical":"https:\/\/rigenerai.com\/fr\/contact\/","og_locale":"fr_FR","og_type":"article","og_title":"Contact - RigenerAI | AI per la sanit\u00e0","og_description":"Contactez-nous comme vous le souhaitez Vous avez une id\u00e9e \u00e0 d\u00e9velopper ? Vous cherchez un partenaire ? Avez-vous des doutes ? info@rigenerai.com +39 (035) 0510 161 Nous n&rsquo;utiliserons vos donn\u00e9es que pour r\u00e9pondre \u00e0 votre demande. Abilita JavaScript nel browser per completare questo modulo.Abilita JavaScript nel browser per completare questo modulo.Nome *Email * Email Commento [&hellip;]","og_url":"https:\/\/rigenerai.com\/fr\/contact\/","og_site_name":"RigenerAI | AI per la sanit\u00e0","article_modified_time":"2026-01-08T17:06:17+00:00","og_image":[{"url":"https:\/\/rigenerai.com\/wp-content\/plugins\/wpforms-lite\/assets\/images\/submit-spin.svg","type":"","width":"","height":""}],"twitter_card":"summary_large_image","schema":{"@context":"https:\/\/schema.org","@graph":[{"@type":"WebPage","@id":"https:\/\/rigenerai.com\/fr\/contact\/","url":"https:\/\/rigenerai.com\/fr\/contact\/","name":"Contact - RigenerAI | AI per la sanit\u00e0","isPartOf":{"@id":"https:\/\/rigenerai.com\/fr\/#website"},"primaryImageOfPage":{"@id":"https:\/\/rigenerai.com\/fr\/contact\/#primaryimage"},"image":{"@id":"https:\/\/rigenerai.com\/fr\/contact\/#primaryimage"},"thumbnailUrl":"https:\/\/rigenerai.com\/wp-content\/plugins\/wpforms-lite\/assets\/images\/submit-spin.svg","datePublished":"2025-09-23T16:21:25+00:00","dateModified":"2026-01-08T17:06:17+00:00","breadcrumb":{"@id":"https:\/\/rigenerai.com\/fr\/contact\/#breadcrumb"},"inLanguage":"fr-FR","potentialAction":[{"@type":"ReadAction","target":["https:\/\/rigenerai.com\/fr\/contact\/"]}]},{"@type":"ImageObject","inLanguage":"fr-FR","@id":"https:\/\/rigenerai.com\/fr\/contact\/#primaryimage","url":"https:\/\/rigenerai.com\/wp-content\/plugins\/wpforms-lite\/assets\/images\/submit-spin.svg","contentUrl":"https:\/\/rigenerai.com\/wp-content\/plugins\/wpforms-lite\/assets\/images\/submit-spin.svg"},{"@type":"BreadcrumbList","@id":"https:\/\/rigenerai.com\/fr\/contact\/#breadcrumb","itemListElement":[{"@type":"ListItem","position":1,"name":"Home","item":"https:\/\/rigenerai.com\/fr\/accueil\/"},{"@type":"ListItem","position":2,"name":"Contact"}]},{"@type":"WebSite","@id":"https:\/\/rigenerai.com\/fr\/#website","url":"https:\/\/rigenerai.com\/fr\/","name":"RigenerAI | AI per la sanit\u00e0","description":"","publisher":{"@id":"https:\/\/rigenerai.com\/fr\/#organization"},"potentialAction":[{"@type":"SearchAction","target":{"@type":"EntryPoint","urlTemplate":"https:\/\/rigenerai.com\/fr\/?s={search_term_string}"},"query-input":{"@type":"PropertyValueSpecification","valueRequired":true,"valueName":"search_term_string"}}],"inLanguage":"fr-FR"},{"@type":"Organization","@id":"https:\/\/rigenerai.com\/fr\/#organization","name":"RigenerAI | AI per la sanit\u00e0","url":"https:\/\/rigenerai.com\/fr\/","logo":{"@type":"ImageObject","inLanguage":"fr-FR","@id":"https:\/\/rigenerai.com\/fr\/#\/schema\/logo\/image\/","url":"https:\/\/rigenerai.com\/wp-content\/uploads\/2025\/09\/Logo-RigenerAI.png","contentUrl":"https:\/\/rigenerai.com\/wp-content\/uploads\/2025\/09\/Logo-RigenerAI.png","width":892,"height":198,"caption":"RigenerAI | AI per la sanit\u00e0"},"image":{"@id":"https:\/\/rigenerai.com\/fr\/#\/schema\/logo\/image\/"}}]}},"_links":{"self":[{"href":"https:\/\/rigenerai.com\/fr\/wp-json\/wp\/v2\/pages\/1882","targetHints":{"allow":["GET"]}}],"collection":[{"href":"https:\/\/rigenerai.com\/fr\/wp-json\/wp\/v2\/pages"}],"about":[{"href":"https:\/\/rigenerai.com\/fr\/wp-json\/wp\/v2\/types\/page"}],"author":[{"embeddable":true,"href":"https:\/\/rigenerai.com\/fr\/wp-json\/wp\/v2\/users\/1"}],"replies":[{"embeddable":true,"href":"https:\/\/rigenerai.com\/fr\/wp-json\/wp\/v2\/comments?post=1882"}],"version-history":[{"count":2,"href":"https:\/\/rigenerai.com\/fr\/wp-json\/wp\/v2\/pages\/1882\/revisions"}],"predecessor-version":[{"id":1967,"href":"https:\/\/rigenerai.com\/fr\/wp-json\/wp\/v2\/pages\/1882\/revisions\/1967"}],"wp:attachment":[{"href":"https:\/\/rigenerai.com\/fr\/wp-json\/wp\/v2\/media?parent=1882"}],"curies":[{"name":"wp","href":"https:\/\/api.w.org\/{rel}","templated":true}]}}