{"id":2205,"date":"2026-01-30T09:23:30","date_gmt":"2026-01-30T09:23:30","guid":{"rendered":"https:\/\/rigenerai.com\/carrieres\/"},"modified":"2026-02-02T14:55:46","modified_gmt":"2026-02-02T14:55:46","slug":"carrieres","status":"publish","type":"page","link":"https:\/\/rigenerai.com\/fr\/carrieres\/","title":{"rendered":"Carri\u00e8res"},"content":{"rendered":"\t\t<div data-elementor-type=\"wp-page\" data-elementor-id=\"2205\" class=\"elementor elementor-2205 elementor-2056\" data-elementor-post-type=\"page\">\n\t\t\t\t<div class=\"elementor-element elementor-element-4af9393 e-con-full e-flex e-con e-parent\" data-id=\"4af9393\" data-element_type=\"container\" data-e-type=\"container\">\n\t\t<div class=\"elementor-element elementor-element-177d46d e-con-full e-flex e-con e-child\" data-id=\"177d46d\" data-element_type=\"container\" data-e-type=\"container\">\n\t\t\t\t<div class=\"elementor-element elementor-element-7266b10 shiny-text elementor-widget__width-initial elementor-widget elementor-widget-heading\" data-id=\"7266b10\" data-element_type=\"widget\" data-e-type=\"widget\" data-widget_type=\"heading.default\">\n\t\t\t\t<div class=\"elementor-widget-container\">\n\t\t\t\t\t<div class=\"elementor-heading-title elementor-size-default\">Les bons talents peuvent changer la fa\u00e7on dont les syst\u00e8mes fonctionnent.<\/div>\t\t\t\t<\/div>\n\t\t\t\t<\/div>\n\t\t\t\t<div class=\"elementor-element elementor-element-b55d4dc elementor-widget__width-initial elementor-widget elementor-widget-text-editor\" data-id=\"b55d4dc\" data-element_type=\"widget\" data-e-type=\"widget\" data-widget_type=\"text-editor.default\">\n\t\t\t\t<div class=\"elementor-widget-container\">\n\t\t\t\t\t\t\t\t\t<p>Nous concevons des solutions d&rsquo;intelligence artificielle qui am\u00e9liorent les processus complexes et les services essentiels. Nous recherchons des personnes qui souhaitent mettre leurs comp\u00e9tences, leur m\u00e9thode et leur vision au service d&rsquo;un impact r\u00e9el. <\/p>\t\t\t\t\t\t\t\t<\/div>\n\t\t\t\t<\/div>\n\t\t\t\t<div class=\"elementor-element elementor-element-beb1555 animated-slow elementor-invisible elementor-widget elementor-widget-button\" data-id=\"beb1555\" data-element_type=\"widget\" data-e-type=\"widget\" data-settings=\"{&quot;_animation&quot;:&quot;fadeInUp&quot;,&quot;_animation_delay&quot;:200}\" data-widget_type=\"button.default\">\n\t\t\t\t<div class=\"elementor-widget-container\">\n\t\t\t\t\t\t\t\t\t<div class=\"elementor-button-wrapper\">\n\t\t\t\t\t<a class=\"elementor-button elementor-button-link elementor-size-sm\" href=\"#discover\">\n\t\t\t\t\t\t<span class=\"elementor-button-content-wrapper\">\n\t\t\t\t\t\t<span class=\"elementor-button-icon\">\n\t\t\t\t<i aria-hidden=\"true\" class=\"fas fa-arrow-down\"><\/i>\t\t\t<\/span>\n\t\t\t\t\t\t\t\t\t<span class=\"elementor-button-text\">Postes \u00e0 pourvoir<\/span>\n\t\t\t\t\t<\/span>\n\t\t\t\t\t<\/a>\n\t\t\t\t<\/div>\n\t\t\t\t\t\t\t\t<\/div>\n\t\t\t\t<\/div>\n\t\t\t\t<\/div>\n\t\t\t\t<\/div>\n\t\t<div class=\"elementor-element elementor-element-2e7c3f3 e-con-full e-flex e-con e-parent\" data-id=\"2e7c3f3\" data-element_type=\"container\" data-e-type=\"container\" id=\"discover\" data-settings=\"{&quot;background_background&quot;:&quot;gradient&quot;}\">\n\t\t<div class=\"elementor-element elementor-element-3dfc910 e-con-full e-grid e-con e-child\" data-id=\"3dfc910\" data-element_type=\"container\" data-e-type=\"container\">\n\t\t<div class=\"elementor-element elementor-element-2af1f9b e-con-full e-flex e-con e-child\" data-id=\"2af1f9b\" data-element_type=\"container\" data-e-type=\"container\">\n\t\t\t\t<div class=\"elementor-element elementor-element-6f62c6d elementor-widget elementor-widget-heading\" data-id=\"6f62c6d\" data-element_type=\"widget\" data-e-type=\"widget\" data-widget_type=\"heading.default\">\n\t\t\t\t<div class=\"elementor-widget-container\">\n\t\t\t\t\t<h3 class=\"elementor-heading-title elementor-size-default\">D\u00c9VELOPPEUR FULL STACK<\/h3>\t\t\t\t<\/div>\n\t\t\t\t<\/div>\n\t\t\t\t<div class=\"elementor-element elementor-element-32d56eb elementor-widget elementor-widget-text-editor\" data-id=\"32d56eb\" data-element_type=\"widget\" data-e-type=\"widget\" data-widget_type=\"text-editor.default\">\n\t\t\t\t<div class=\"elementor-widget-container\">\n\t\t\t\t\t\t\t\t\t<p>Il s&rsquo;occupe de la conception et du d\u00e9veloppement des applications num\u00e9riques du projet, en suivant \u00e0 la fois les parties frontales et dorsales. Il traduit les exigences fonctionnelles en solutions techniques, met en \u0153uvre les plateformes, veille \u00e0 leur \u00e9volution et assure la fiabilit\u00e9 des syst\u00e8mes. <\/p>\t\t\t\t\t\t\t\t<\/div>\n\t\t\t\t<\/div>\n\t\t\t\t<\/div>\n\t\t<div class=\"elementor-element elementor-element-8cc26d3 e-con-full e-flex e-con e-child\" data-id=\"8cc26d3\" data-element_type=\"container\" data-e-type=\"container\">\n\t\t\t\t<div class=\"elementor-element elementor-element-8285b88 elementor-widget elementor-widget-heading\" data-id=\"8285b88\" data-element_type=\"widget\" data-e-type=\"widget\" data-widget_type=\"heading.default\">\n\t\t\t\t<div class=\"elementor-widget-container\">\n\t\t\t\t\t<h3 class=\"elementor-heading-title elementor-size-default\">ING\u00c9NIEUR EN APPRENTISSAGE AUTOMATIQUE<\/h3>\t\t\t\t<\/div>\n\t\t\t\t<\/div>\n\t\t\t\t<div class=\"elementor-element elementor-element-2482305 elementor-widget elementor-widget-text-editor\" data-id=\"2482305\" data-element_type=\"widget\" data-e-type=\"widget\" data-widget_type=\"text-editor.default\">\n\t\t\t\t<div class=\"elementor-widget-container\">\n\t\t\t\t\t\t\t\t\tCon\u00e7oit, d\u00e9veloppe et optimise des mod\u00e8les d&rsquo;intelligence artificielle pour l&rsquo;analyse des donn\u00e9es et l&rsquo;automatisation des processus. Il transforme les donn\u00e9es en outils intelligents d&rsquo;aide \u00e0 la d\u00e9cision, en travaillant sur la formation, l&rsquo;am\u00e9lioration continue et l&rsquo;int\u00e9gration des mod\u00e8les dans des produits num\u00e9riques. \t\t\t\t\t\t\t\t<\/div>\n\t\t\t\t<\/div>\n\t\t\t\t<\/div>\n\t\t<div class=\"elementor-element elementor-element-cadd997 e-con-full e-flex e-con e-child\" data-id=\"cadd997\" data-element_type=\"container\" data-e-type=\"container\">\n\t\t\t\t<div class=\"elementor-element elementor-element-5640bf0 elementor-widget elementor-widget-heading\" data-id=\"5640bf0\" data-element_type=\"widget\" data-e-type=\"widget\" data-widget_type=\"heading.default\">\n\t\t\t\t<div class=\"elementor-widget-container\">\n\t\t\t\t\t<h3 class=\"elementor-heading-title elementor-size-default\">D\u00c9VELOPPEUR D'ENTREPRISE<\/h3>\t\t\t\t<\/div>\n\t\t\t\t<\/div>\n\t\t\t\t<div class=\"elementor-element elementor-element-df3a86a elementor-widget elementor-widget-text-editor\" data-id=\"df3a86a\" data-element_type=\"widget\" data-e-type=\"widget\" data-widget_type=\"text-editor.default\">\n\t\t\t\t<div class=\"elementor-widget-container\">\n\t\t\t\t\t\t\t\t\tIl d\u00e9veloppe les relations, les partenariats et les opportunit\u00e9s de croissance des projets. Il travaille \u00e0 l&rsquo;identification de nouveaux domaines d&rsquo;application, \u00e0 l&rsquo;\u00e9tablissement de partenariats strat\u00e9giques et \u00e0 la durabilit\u00e9 \u00e9conomique des initiatives, en faisant le lien entre la vision du projet et le march\u00e9. \t\t\t\t\t\t\t\t<\/div>\n\t\t\t\t<\/div>\n\t\t\t\t<\/div>\n\t\t\t\t<\/div>\n\t\t\t\t<\/div>\n\t\t<div class=\"elementor-element elementor-element-5124145 e-con-full e-flex e-con e-parent\" data-id=\"5124145\" data-element_type=\"container\" data-e-type=\"container\" data-settings=\"{&quot;background_background&quot;:&quot;classic&quot;}\">\n\t\t<div class=\"elementor-element elementor-element-98ac057 e-con-full e-flex e-con e-child\" data-id=\"98ac057\" data-element_type=\"container\" data-e-type=\"container\">\n\t\t\t\t<div class=\"elementor-element elementor-element-8de9f23 elementor-widget elementor-widget-heading\" data-id=\"8de9f23\" data-element_type=\"widget\" data-e-type=\"widget\" data-widget_type=\"heading.default\">\n\t\t\t\t<div class=\"elementor-widget-container\">\n\t\t\t\t\t<h3 class=\"elementor-heading-title elementor-size-default\">Les d\u00e9fis complexes vous motivent-ils ?<\/h3>\t\t\t\t<\/div>\n\t\t\t\t<\/div>\n\t\t\t\t<div class=\"elementor-element elementor-element-fd7e93f elementor-widget elementor-widget-text-editor\" data-id=\"fd7e93f\" data-element_type=\"widget\" data-e-type=\"widget\" data-widget_type=\"text-editor.default\">\n\t\t\t\t<div class=\"elementor-widget-container\">\n\t\t\t\t\t\t\t\t\t<p>Envoyez-nous une courte pr\u00e9sentation et votre CV \u00e0 <a href=\"mailto:job@rigenerai.com\" target=\"_blank\" rel=\"noopener\">job@rigenerai.com<\/a>.<\/p>\t\t\t\t\t\t\t\t<\/div>\n\t\t\t\t<\/div>\n\t\t\t\t<\/div>\n\t\t\t\t<\/div>\n\t\t\t\t<\/div>\n\t\t","protected":false},"excerpt":{"rendered":"<p>Les bons talents peuvent changer la fa\u00e7on dont les syst\u00e8mes fonctionnent. Nous concevons des solutions d&rsquo;intelligence artificielle qui am\u00e9liorent les processus complexes et les services essentiels. Nous recherchons des personnes qui souhaitent mettre leurs comp\u00e9tences, leur m\u00e9thode et leur vision au service d&rsquo;un impact r\u00e9el. Postes \u00e0 pourvoir D\u00c9VELOPPEUR FULL STACK Il s&rsquo;occupe de la [&hellip;]<\/p>\n","protected":false},"author":3,"featured_media":0,"parent":0,"menu_order":4,"comment_status":"closed","ping_status":"closed","template":"","meta":{"footnotes":""},"class_list":["post-2205","page","type-page","status-publish","hentry"],"yoast_head":"<!-- This site is optimized with the Yoast SEO plugin v27.4 - https:\/\/yoast.com\/product\/yoast-seo-wordpress\/ -->\n<title>Carri\u00e8res - RigenerAI | AI per la sanit\u00e0<\/title>\n<meta name=\"robots\" content=\"index, follow, max-snippet:-1, max-image-preview:large, max-video-preview:-1\" \/>\n<link rel=\"canonical\" href=\"https:\/\/rigenerai.com\/fr\/carrieres\/\" \/>\n<meta property=\"og:locale\" content=\"fr_FR\" \/>\n<meta property=\"og:type\" content=\"article\" \/>\n<meta property=\"og:title\" content=\"Carri\u00e8res - RigenerAI | AI per la sanit\u00e0\" \/>\n<meta property=\"og:description\" content=\"Les bons talents peuvent changer la fa\u00e7on dont les syst\u00e8mes fonctionnent. Nous concevons des solutions d&rsquo;intelligence artificielle qui am\u00e9liorent les processus complexes et les services essentiels. Nous recherchons des personnes qui souhaitent mettre leurs comp\u00e9tences, leur m\u00e9thode et leur vision au service d&rsquo;un impact r\u00e9el. Postes \u00e0 pourvoir D\u00c9VELOPPEUR FULL STACK Il s&rsquo;occupe de la [&hellip;]\" \/>\n<meta property=\"og:url\" content=\"https:\/\/rigenerai.com\/fr\/carrieres\/\" \/>\n<meta property=\"og:site_name\" content=\"RigenerAI | AI per la sanit\u00e0\" \/>\n<meta property=\"article:modified_time\" content=\"2026-02-02T14:55:46+00:00\" \/>\n<meta name=\"twitter:card\" content=\"summary_large_image\" \/>\n<meta name=\"twitter:label1\" content=\"Dur\u00e9e de lecture estim\u00e9e\" \/>\n\t<meta name=\"twitter:data1\" content=\"1 minute\" \/>\n<script type=\"application\/ld+json\" class=\"yoast-schema-graph\">{\"@context\":\"https:\\\/\\\/schema.org\",\"@graph\":[{\"@type\":\"WebPage\",\"@id\":\"https:\\\/\\\/rigenerai.com\\\/fr\\\/carrieres\\\/\",\"url\":\"https:\\\/\\\/rigenerai.com\\\/fr\\\/carrieres\\\/\",\"name\":\"Carri\u00e8res - RigenerAI | AI per la sanit\u00e0\",\"isPartOf\":{\"@id\":\"https:\\\/\\\/rigenerai.com\\\/fr\\\/#website\"},\"datePublished\":\"2026-01-30T09:23:30+00:00\",\"dateModified\":\"2026-02-02T14:55:46+00:00\",\"breadcrumb\":{\"@id\":\"https:\\\/\\\/rigenerai.com\\\/fr\\\/carrieres\\\/#breadcrumb\"},\"inLanguage\":\"fr-FR\",\"potentialAction\":[{\"@type\":\"ReadAction\",\"target\":[\"https:\\\/\\\/rigenerai.com\\\/fr\\\/carrieres\\\/\"]}]},{\"@type\":\"BreadcrumbList\",\"@id\":\"https:\\\/\\\/rigenerai.com\\\/fr\\\/carrieres\\\/#breadcrumb\",\"itemListElement\":[{\"@type\":\"ListItem\",\"position\":1,\"name\":\"Home\",\"item\":\"https:\\\/\\\/rigenerai.com\\\/fr\\\/accueil\\\/\"},{\"@type\":\"ListItem\",\"position\":2,\"name\":\"Carri\u00e8res\"}]},{\"@type\":\"WebSite\",\"@id\":\"https:\\\/\\\/rigenerai.com\\\/fr\\\/#website\",\"url\":\"https:\\\/\\\/rigenerai.com\\\/fr\\\/\",\"name\":\"RigenerAI | AI per la sanit\u00e0\",\"description\":\"\",\"publisher\":{\"@id\":\"https:\\\/\\\/rigenerai.com\\\/fr\\\/#organization\"},\"potentialAction\":[{\"@type\":\"SearchAction\",\"target\":{\"@type\":\"EntryPoint\",\"urlTemplate\":\"https:\\\/\\\/rigenerai.com\\\/fr\\\/?s={search_term_string}\"},\"query-input\":{\"@type\":\"PropertyValueSpecification\",\"valueRequired\":true,\"valueName\":\"search_term_string\"}}],\"inLanguage\":\"fr-FR\"},{\"@type\":\"Organization\",\"@id\":\"https:\\\/\\\/rigenerai.com\\\/fr\\\/#organization\",\"name\":\"RigenerAI | AI per la sanit\u00e0\",\"url\":\"https:\\\/\\\/rigenerai.com\\\/fr\\\/\",\"logo\":{\"@type\":\"ImageObject\",\"inLanguage\":\"fr-FR\",\"@id\":\"https:\\\/\\\/rigenerai.com\\\/fr\\\/#\\\/schema\\\/logo\\\/image\\\/\",\"url\":\"https:\\\/\\\/rigenerai.com\\\/wp-content\\\/uploads\\\/2025\\\/09\\\/Logo-RigenerAI.png\",\"contentUrl\":\"https:\\\/\\\/rigenerai.com\\\/wp-content\\\/uploads\\\/2025\\\/09\\\/Logo-RigenerAI.png\",\"width\":892,\"height\":198,\"caption\":\"RigenerAI | AI per la sanit\u00e0\"},\"image\":{\"@id\":\"https:\\\/\\\/rigenerai.com\\\/fr\\\/#\\\/schema\\\/logo\\\/image\\\/\"}}]}<\/script>\n<!-- \/ Yoast SEO plugin. -->","yoast_head_json":{"title":"Carri\u00e8res - RigenerAI | AI per la sanit\u00e0","robots":{"index":"index","follow":"follow","max-snippet":"max-snippet:-1","max-image-preview":"max-image-preview:large","max-video-preview":"max-video-preview:-1"},"canonical":"https:\/\/rigenerai.com\/fr\/carrieres\/","og_locale":"fr_FR","og_type":"article","og_title":"Carri\u00e8res - RigenerAI | AI per la sanit\u00e0","og_description":"Les bons talents peuvent changer la fa\u00e7on dont les syst\u00e8mes fonctionnent. Nous concevons des solutions d&rsquo;intelligence artificielle qui am\u00e9liorent les processus complexes et les services essentiels. Nous recherchons des personnes qui souhaitent mettre leurs comp\u00e9tences, leur m\u00e9thode et leur vision au service d&rsquo;un impact r\u00e9el. Postes \u00e0 pourvoir D\u00c9VELOPPEUR FULL STACK Il s&rsquo;occupe de la [&hellip;]","og_url":"https:\/\/rigenerai.com\/fr\/carrieres\/","og_site_name":"RigenerAI | AI per la sanit\u00e0","article_modified_time":"2026-02-02T14:55:46+00:00","twitter_card":"summary_large_image","twitter_misc":{"Dur\u00e9e de lecture estim\u00e9e":"1 minute"},"schema":{"@context":"https:\/\/schema.org","@graph":[{"@type":"WebPage","@id":"https:\/\/rigenerai.com\/fr\/carrieres\/","url":"https:\/\/rigenerai.com\/fr\/carrieres\/","name":"Carri\u00e8res - RigenerAI | AI per la sanit\u00e0","isPartOf":{"@id":"https:\/\/rigenerai.com\/fr\/#website"},"datePublished":"2026-01-30T09:23:30+00:00","dateModified":"2026-02-02T14:55:46+00:00","breadcrumb":{"@id":"https:\/\/rigenerai.com\/fr\/carrieres\/#breadcrumb"},"inLanguage":"fr-FR","potentialAction":[{"@type":"ReadAction","target":["https:\/\/rigenerai.com\/fr\/carrieres\/"]}]},{"@type":"BreadcrumbList","@id":"https:\/\/rigenerai.com\/fr\/carrieres\/#breadcrumb","itemListElement":[{"@type":"ListItem","position":1,"name":"Home","item":"https:\/\/rigenerai.com\/fr\/accueil\/"},{"@type":"ListItem","position":2,"name":"Carri\u00e8res"}]},{"@type":"WebSite","@id":"https:\/\/rigenerai.com\/fr\/#website","url":"https:\/\/rigenerai.com\/fr\/","name":"RigenerAI | AI per la sanit\u00e0","description":"","publisher":{"@id":"https:\/\/rigenerai.com\/fr\/#organization"},"potentialAction":[{"@type":"SearchAction","target":{"@type":"EntryPoint","urlTemplate":"https:\/\/rigenerai.com\/fr\/?s={search_term_string}"},"query-input":{"@type":"PropertyValueSpecification","valueRequired":true,"valueName":"search_term_string"}}],"inLanguage":"fr-FR"},{"@type":"Organization","@id":"https:\/\/rigenerai.com\/fr\/#organization","name":"RigenerAI | AI per la sanit\u00e0","url":"https:\/\/rigenerai.com\/fr\/","logo":{"@type":"ImageObject","inLanguage":"fr-FR","@id":"https:\/\/rigenerai.com\/fr\/#\/schema\/logo\/image\/","url":"https:\/\/rigenerai.com\/wp-content\/uploads\/2025\/09\/Logo-RigenerAI.png","contentUrl":"https:\/\/rigenerai.com\/wp-content\/uploads\/2025\/09\/Logo-RigenerAI.png","width":892,"height":198,"caption":"RigenerAI | AI per la sanit\u00e0"},"image":{"@id":"https:\/\/rigenerai.com\/fr\/#\/schema\/logo\/image\/"}}]}},"_links":{"self":[{"href":"https:\/\/rigenerai.com\/fr\/wp-json\/wp\/v2\/pages\/2205","targetHints":{"allow":["GET"]}}],"collection":[{"href":"https:\/\/rigenerai.com\/fr\/wp-json\/wp\/v2\/pages"}],"about":[{"href":"https:\/\/rigenerai.com\/fr\/wp-json\/wp\/v2\/types\/page"}],"author":[{"embeddable":true,"href":"https:\/\/rigenerai.com\/fr\/wp-json\/wp\/v2\/users\/3"}],"replies":[{"embeddable":true,"href":"https:\/\/rigenerai.com\/fr\/wp-json\/wp\/v2\/comments?post=2205"}],"version-history":[{"count":1,"href":"https:\/\/rigenerai.com\/fr\/wp-json\/wp\/v2\/pages\/2205\/revisions"}],"predecessor-version":[{"id":2206,"href":"https:\/\/rigenerai.com\/fr\/wp-json\/wp\/v2\/pages\/2205\/revisions\/2206"}],"wp:attachment":[{"href":"https:\/\/rigenerai.com\/fr\/wp-json\/wp\/v2\/media?parent=2205"}],"curies":[{"name":"wp","href":"https:\/\/api.w.org\/{rel}","templated":true}]}}